{"id":83,"date":"2024-02-07T20:50:37","date_gmt":"2024-02-07T19:50:37","guid":{"rendered":"https:\/\/www.lenakur.de\/?page_id=83"},"modified":"2024-11-26T16:45:36","modified_gmt":"2024-11-26T15:45:36","slug":"widerrufsbelehrung","status":"publish","type":"page","link":"https:\/\/www.lenakur.de\/de\/widerrufsbelehrung\/","title":{"rendered":"Widerrufsbelehrung"},"content":{"rendered":"<h4 class=\"wp-block-heading\">Widerrufsrecht<\/h4>\n\n\n\n<ul class=\"wp-block-list\">\n<li>Sie haben das Recht, binnen vierzehn Tagen ohne Angabe von Gr\u00fcnden diesen Vertrag zu widerrufen.<\/li>\n\n\n\n<li>Die Widerrufsfrist betr\u00e4gt vierzehn Tage ab dem Tag des Vertragsabschlusses.<\/li>\n\n\n\n<li>Um Ihr&nbsp;Widerrufsrecht auszu\u00fcben, m\u00fcssen Sie uns mittels einer eindeutigen Erkl\u00e4rung (z.B. eine E-Mail) \u00fcber Ihren&nbsp;Entschluss, diesen Vertrag zu widerrufen, informieren. Sie k\u00f6nnen daf\u00fcr das beigef\u00fcgte Muster-Widerrufsformular verwenden, das jedoch nicht vorgeschrieben ist.<\/li>\n\n\n\n<li>Zur Wahrung der Widerrufsfrist reicht es aus, dass Sie&nbsp;die Mitteilung \u00fcber die Aus\u00fcbung des Widerrufsrechts vor Ablauf der Widerrufsfrist absenden.<\/li>\n<\/ul>\n\n\n\n<h4 class=\"wp-block-heading\">Widerrufsfolgen<\/h4>\n\n\n\n<ul class=\"wp-block-list\">\n<li>Wenn Sie&nbsp;diesen Vertrag widerrufen, haben wir Ihnen&nbsp;alle Zahlungen, die wir von Ihnen&nbsp;erhalten haben, einschlie\u00dflich der Lieferkosten (mit Ausnahme der zus\u00e4tzlichen Kosten, die sich daraus ergeben, dass Sie&nbsp;eine andere Art der Lieferung als die von uns angebotene, g\u00fcnstigste Standardlieferung gew\u00e4hlt haben), unverz\u00fcglich und sp\u00e4testens binnen vierzehn Tagen ab dem Tag zur\u00fcckzuzahlen, an dem die Mitteilung \u00fcber Ihren&nbsp;Widerruf dieses Vertrags bei uns eingegangen ist. F\u00fcr diese R\u00fcckzahlung verwenden wir dasselbe Zahlungsmittel, das Sie&nbsp;bei der urspr\u00fcnglichen Transaktion eingesetzt haben, es sei denn, mit Ihnen&nbsp;wurde ausdr\u00fccklich etwas anderes vereinbart; in keinem Fall werden Ihnen&nbsp;wegen dieser R\u00fcckzahlung Entgelte berechnet.<\/li>\n\n\n\n<li>Haben Sie verlangt, dass die Dienstleistungen w\u00e4hrend der Widerrufsfrist beginnen sollen, so haben Sie uns einen angemessenen Betrag zu zahlen, der dem Anteil der bis zu dem Zeitpunkt, zu dem Sie uns von der Aus\u00fcbung des Widerrufsrechts hinsichtlich dieses Vertrags unterrichten, bereits erbrachten Dienstleistungen im Vergleich zum Gesamtumfang der im Vertrag vorgesehenen Dienstleistungen entspricht.<\/li>\n<\/ul>\n\n\n\n<h4 class=\"wp-block-heading\">Besondere Hinweise<\/h4>\n\n\n\n<ul class=\"wp-block-list\">\n<li>Ihr Widerrufsrecht erlischt vorzeitig, wenn wir die geschuldete Dienstleistung vollst\u00e4ndig erbracht haben und mit der Ausf\u00fchrung der Dienstleistung erst begonnen haben, nachdem Sie dazu Ihre ausdr\u00fcckliche Zustimmung gegeben haben und gleichzeitig Ihre Kenntnis davon best\u00e4tigt haben, dass Sie Ihr Widerrufsrecht bei vollst\u00e4ndiger Vertragserf\u00fcllung durch uns verlieren.<\/li>\n<\/ul>\n\n\n\n<h4 class=\"wp-block-heading\">Ausnahmen vom Widerrufsrecht<\/h4>\n\n\n\n<ul class=\"wp-block-list\">\n<li>Ein Widerrufsrecht besteht nicht bei Vertr\u00e4gen zur Erbringung von Dienstleistungen im Zusammenhang mit Freizeitbet\u00e4tigungen, wenn der Vertrag f\u00fcr die Erbringung einen spezifischen Termin oder Zeitraum vorsieht.<\/li>\n<\/ul>\n\n\n\n<h4 class=\"wp-block-heading\">Muster-Widerrufsformular<\/h4>\n\n\n\n<ul class=\"wp-block-list\">\n<li>(Wenn Sie den Vertrag widerrufen wollen, dann f\u00fcllen Sie bitte dieses Formular aus und senden Sie es zur\u00fcck.)<\/li>\n\n\n\n<li>An: Elena Kuritcyna, c\/o IP-Management #35069 Ludwig-Erhard-Str. 18, 20459 Hamburg. E-Mail:&nbsp;<strong>info@lenakur.de<\/strong>:<\/li>\n\n\n\n<li>Hiermit widerrufe(n) ich\/wir ( * ) den von mir\/uns ( * ) abgeschlossenen Vertrag \u00fcber den Kauf der folgenden Waren ( * )\/ die Erbringung der folgenden Dienstleistung ( * )<\/li>\n\n\n\n<li>Bestellt am ( * )\/erhalten am ( * )<\/li>\n\n\n\n<li>Name des\/der Verbraucher(s)<\/li>\n\n\n\n<li>Anschrift des\/der Verbraucher(s)<\/li>\n\n\n\n<li>Unterschrift des\/der Verbraucher(s) (nur bei Mitteilung auf Papier)<\/li>\n\n\n\n<li>Datum<\/li>\n\n\n\n<li>( * ) Unzutreffendes streichen.<\/li>\n<\/ul>","protected":false},"excerpt":{"rendered":"<p>Widerrufsrecht Widerrufsfolgen Besondere Hinweise Ausnahmen vom Widerrufsrecht Muster-Widerrufsformular<\/p>","protected":false},"author":1,"featured_media":0,"parent":0,"menu_order":0,"comment_status":"closed","ping_status":"closed","template":"","meta":{"site-sidebar-layout":"default","site-content-layout":"","ast-site-content-layout":"default","site-content-style":"default","site-sidebar-style":"default","ast-global-header-display":"","ast-banner-title-visibility":"","ast-main-header-display":"","ast-hfb-above-header-display":"","ast-hfb-below-header-display":"","ast-hfb-mobile-header-display":"","site-post-title":"","ast-breadcrumbs-content":"","ast-featured-img":"","footer-sml-layout":"","ast-disable-related-posts":"","theme-transparent-header-meta":"","adv-header-id-meta":"","stick-header-meta":"","header-above-stick-meta":"","header-main-stick-meta":"","header-below-stick-meta":"","astra-migrate-meta-layouts":"default","ast-page-background-enabled":"default","ast-page-background-meta":{"desktop":{"background-color":"var(--ast-global-color-4)","background-image":"","background-repeat":"repeat","background-position":"center center","background-size":"auto","background-attachment":"scroll","background-type":"","background-media":"","overlay-type":"","overlay-color":"","overlay-opacity":"","overlay-gradient":""},"tablet":{"background-color":"","background-image":"","background-repeat":"repeat","background-position":"center center","background-size":"auto","background-attachment":"scroll","background-type":"","background-media":"","overlay-type":"","overlay-color":"","overlay-opacity":"","overlay-gradient":""},"mobile":{"background-color":"","background-image":"","background-repeat":"repeat","background-position":"center center","background-size":"auto","background-attachment":"scroll","background-type":"","background-media":"","overlay-type":"","overlay-color":"","overlay-opacity":"","overlay-gradient":""}},"ast-content-background-meta":{"desktop":{"background-color":"var(--ast-global-color-5)","background-image":"","background-repeat":"repeat","background-position":"center center","background-size":"auto","background-attachment":"scroll","background-type":"","background-media":"","overlay-type":"","overlay-color":"","overlay-opacity":"","overlay-gradient":""},"tablet":{"background-color":"var(--ast-global-color-5)","background-image":"","background-repeat":"repeat","background-position":"center center","background-size":"auto","background-attachment":"scroll","background-type":"","background-media":"","overlay-type":"","overlay-color":"","overlay-opacity":"","overlay-gradient":""},"mobile":{"background-color":"var(--ast-global-color-5)","background-image":"","background-repeat":"repeat","background-position":"center center","background-size":"auto","background-attachment":"scroll","background-type":"","background-media":"","overlay-type":"","overlay-color":"","overlay-opacity":"","overlay-gradient":""}},"footnotes":""},"class_list":["post-83","page","type-page","status-publish","hentry"],"yoast_head":"<!-- This site is optimized with the Yoast SEO plugin v27.4 - https:\/\/yoast.com\/product\/yoast-seo-wordpress\/ -->\n<title>Widerrufsbelehrung<\/title>\n<meta name=\"description\" content=\"Sie haben das Recht, binnen vierzehn Tagen ohne Angabe von Gr\u00fcnden diesen Vertrag zu widerrufen. Die Widerrufsfrist betr\u00e4gt vierzehn Tage ab dem Tag des Vertragsabschlusses.\" \/>\n<meta name=\"robots\" content=\"noindex, nofollow\" \/>\n<script type=\"application\/ld+json\" class=\"yoast-schema-graph\">{\"@context\":\"https:\\\/\\\/schema.org\",\"@graph\":[{\"@type\":\"WebPage\",\"@id\":\"https:\\\/\\\/www.lenakur.de\\\/widerrufsbelehrung\\\/\",\"url\":\"https:\\\/\\\/www.lenakur.de\\\/widerrufsbelehrung\\\/\",\"name\":\"Widerrufsbelehrung\",\"isPartOf\":{\"@id\":\"https:\\\/\\\/www.lenakur.de\\\/#website\"},\"datePublished\":\"2024-02-07T19:50:37+00:00\",\"dateModified\":\"2024-11-26T15:45:36+00:00\",\"description\":\"Sie haben das Recht, binnen vierzehn Tagen ohne Angabe von Gr\u00fcnden diesen Vertrag zu widerrufen. Die Widerrufsfrist betr\u00e4gt vierzehn Tage ab dem Tag des Vertragsabschlusses.\",\"breadcrumb\":{\"@id\":\"https:\\\/\\\/www.lenakur.de\\\/widerrufsbelehrung\\\/#breadcrumb\"},\"inLanguage\":\"de\",\"potentialAction\":[{\"@type\":\"ReadAction\",\"target\":[\"https:\\\/\\\/www.lenakur.de\\\/widerrufsbelehrung\\\/\"]}]},{\"@type\":\"BreadcrumbList\",\"@id\":\"https:\\\/\\\/www.lenakur.de\\\/widerrufsbelehrung\\\/#breadcrumb\",\"itemListElement\":[{\"@type\":\"ListItem\",\"position\":1,\"name\":\"Startseite\",\"item\":\"https:\\\/\\\/www.lenakur.de\\\/\"},{\"@type\":\"ListItem\",\"position\":2,\"name\":\"Widerrufsbelehrung\"}]},{\"@type\":\"WebSite\",\"@id\":\"https:\\\/\\\/www.lenakur.de\\\/#website\",\"url\":\"https:\\\/\\\/www.lenakur.de\\\/\",\"name\":\"\u0421\u043e\u0437\u0434\u0430\u043d\u0438\u0435 \u0441\u0430\u0439\u0442\u043e\u0432 \u0432 \u0413\u0435\u0440\u043c\u0430\u043d\u0438\u0438\",\"description\":\"Professionelles Webdesign und -Entwicklung\",\"publisher\":{\"@id\":\"https:\\\/\\\/www.lenakur.de\\\/#organization\"},\"alternateName\":\"Webseiten-Erstellung f\u00fcr Unternehmen in Deutschland\",\"potentialAction\":[{\"@type\":\"SearchAction\",\"target\":{\"@type\":\"EntryPoint\",\"urlTemplate\":\"https:\\\/\\\/www.lenakur.de\\\/?s={search_term_string}\"},\"query-input\":{\"@type\":\"PropertyValueSpecification\",\"valueRequired\":true,\"valueName\":\"search_term_string\"}}],\"inLanguage\":\"de\"},{\"@type\":\"Organization\",\"@id\":\"https:\\\/\\\/www.lenakur.de\\\/#organization\",\"name\":\"Elena Kuritcyna\",\"url\":\"https:\\\/\\\/www.lenakur.de\\\/\",\"logo\":{\"@type\":\"ImageObject\",\"inLanguage\":\"de\",\"@id\":\"https:\\\/\\\/www.lenakur.de\\\/#\\\/schema\\\/logo\\\/image\\\/\",\"url\":\"https:\\\/\\\/www.lenakur.de\\\/wp-content\\\/uploads\\\/2025\\\/06\\\/icon-scaled.png\",\"contentUrl\":\"https:\\\/\\\/www.lenakur.de\\\/wp-content\\\/uploads\\\/2025\\\/06\\\/icon-scaled.png\",\"width\":2560,\"height\":2033,\"caption\":\"Elena Kuritcyna\"},\"image\":{\"@id\":\"https:\\\/\\\/www.lenakur.de\\\/#\\\/schema\\\/logo\\\/image\\\/\"}}]}<\/script>\n<!-- \/ Yoast SEO plugin. -->","yoast_head_json":{"title":"Widerrufsbelehrung","description":"Sie haben das Recht, binnen vierzehn Tagen ohne Angabe von Gr\u00fcnden diesen Vertrag zu widerrufen. Die Widerrufsfrist betr\u00e4gt vierzehn Tage ab dem Tag des Vertragsabschlusses.","robots":{"index":"noindex","follow":"nofollow"},"schema":{"@context":"https:\/\/schema.org","@graph":[{"@type":"WebPage","@id":"https:\/\/www.lenakur.de\/widerrufsbelehrung\/","url":"https:\/\/www.lenakur.de\/widerrufsbelehrung\/","name":"Widerrufsbelehrung","isPartOf":{"@id":"https:\/\/www.lenakur.de\/#website"},"datePublished":"2024-02-07T19:50:37+00:00","dateModified":"2024-11-26T15:45:36+00:00","description":"Sie haben das Recht, binnen vierzehn Tagen ohne Angabe von Gr\u00fcnden diesen Vertrag zu widerrufen. Die Widerrufsfrist betr\u00e4gt vierzehn Tage ab dem Tag des Vertragsabschlusses.","breadcrumb":{"@id":"https:\/\/www.lenakur.de\/widerrufsbelehrung\/#breadcrumb"},"inLanguage":"de","potentialAction":[{"@type":"ReadAction","target":["https:\/\/www.lenakur.de\/widerrufsbelehrung\/"]}]},{"@type":"BreadcrumbList","@id":"https:\/\/www.lenakur.de\/widerrufsbelehrung\/#breadcrumb","itemListElement":[{"@type":"ListItem","position":1,"name":"Startseite","item":"https:\/\/www.lenakur.de\/"},{"@type":"ListItem","position":2,"name":"Widerrufsbelehrung"}]},{"@type":"WebSite","@id":"https:\/\/www.lenakur.de\/#website","url":"https:\/\/www.lenakur.de\/","name":"Webseiten\u00aderstellung in Deutschland","description":"Professionelles Webdesign und -Entwicklung","publisher":{"@id":"https:\/\/www.lenakur.de\/#organization"},"alternateName":"Webseiten-Erstellung f\u00fcr Unternehmen in Deutschland","potentialAction":[{"@type":"SearchAction","target":{"@type":"EntryPoint","urlTemplate":"https:\/\/www.lenakur.de\/?s={search_term_string}"},"query-input":{"@type":"PropertyValueSpecification","valueRequired":true,"valueName":"search_term_string"}}],"inLanguage":"de"},{"@type":"Organization","@id":"https:\/\/www.lenakur.de\/#organization","name":"Elena Kuritcyna","url":"https:\/\/www.lenakur.de\/","logo":{"@type":"ImageObject","inLanguage":"de","@id":"https:\/\/www.lenakur.de\/#\/schema\/logo\/image\/","url":"https:\/\/www.lenakur.de\/wp-content\/uploads\/2025\/06\/icon-scaled.png","contentUrl":"https:\/\/www.lenakur.de\/wp-content\/uploads\/2025\/06\/icon-scaled.png","width":2560,"height":2033,"caption":"Elena Kuritcyna"},"image":{"@id":"https:\/\/www.lenakur.de\/#\/schema\/logo\/image\/"}}]}},"_links":{"self":[{"href":"https:\/\/www.lenakur.de\/de\/wp-json\/wp\/v2\/pages\/83","targetHints":{"allow":["GET"]}}],"collection":[{"href":"https:\/\/www.lenakur.de\/de\/wp-json\/wp\/v2\/pages"}],"about":[{"href":"https:\/\/www.lenakur.de\/de\/wp-json\/wp\/v2\/types\/page"}],"author":[{"embeddable":true,"href":"https:\/\/www.lenakur.de\/de\/wp-json\/wp\/v2\/users\/1"}],"replies":[{"embeddable":true,"href":"https:\/\/www.lenakur.de\/de\/wp-json\/wp\/v2\/comments?post=83"}],"version-history":[{"count":3,"href":"https:\/\/www.lenakur.de\/de\/wp-json\/wp\/v2\/pages\/83\/revisions"}],"predecessor-version":[{"id":2067,"href":"https:\/\/www.lenakur.de\/de\/wp-json\/wp\/v2\/pages\/83\/revisions\/2067"}],"wp:attachment":[{"href":"https:\/\/www.lenakur.de\/de\/wp-json\/wp\/v2\/media?parent=83"}],"curies":[{"name":"wp","href":"https:\/\/api.w.org\/{rel}","templated":true}]}}