{"id":1518,"date":"2024-10-30T15:24:03","date_gmt":"2024-10-30T14:24:03","guid":{"rendered":"https:\/\/www.lenakur.de\/?page_id=1518"},"modified":"2026-01-23T22:28:28","modified_gmt":"2026-01-23T21:28:28","slug":"contact","status":"publish","type":"page","link":"https:\/\/www.lenakur.de\/de\/contact\/","title":{"rendered":"Contact Form"},"content":{"rendered":"<div class=\"wp-block-cover alignfull\" style=\"min-height:330px;aspect-ratio:unset;\" id=\"contact-form-head\"><span aria-hidden=\"true\" class=\"wp-block-cover__background has-ast-global-color-5-background-color has-background-dim-100 has-background-dim\"><\/span><div class=\"wp-block-cover__inner-container is-layout-constrained wp-block-cover-is-layout-constrained\">\n<h2 class=\"wp-block-heading has-ast-global-color-8-color has-text-color has-link-color wp-elements-c5a13899586aacb52da21ce0ebd327e9\">Beratung vereinbaren<\/h2>\n\n\n\n<p class=\"has-ast-global-color-8-color has-text-color has-link-color wp-elements-c22294da56f6cc71640a007ff3df3749\">Wenn Sie Fragen haben oder eine Beratung anfragen m\u00f6chten, nutzen Sie bitte das Kontaktformular:<\/p>\n<\/div><\/div>\n\n\n\n<div style=\"height:20px\" aria-hidden=\"true\" class=\"wp-block-spacer\"><\/div>\n\n\n\n<div class=\"wpcf7 no-js\" id=\"wpcf7-f128-o1\" lang=\"de-DE\" dir=\"ltr\" data-wpcf7-id=\"128\">\n<div class=\"screen-reader-response\"><p role=\"status\" aria-live=\"polite\" aria-atomic=\"true\"><\/p> <ul><\/ul><\/div>\n<form action=\"\/de\/wp-json\/wp\/v2\/pages\/1518#wpcf7-f128-o1\" method=\"post\" class=\"wpcf7-form init\" aria-label=\"Kontaktformular\" novalidate=\"novalidate\" data-status=\"init\" data-trp-original-action=\"\/de\/wp-json\/wp\/v2\/pages\/1518#wpcf7-f128-o1\">\n<fieldset class=\"hidden-fields-container\"><input type=\"hidden\" name=\"_wpcf7\" value=\"128\" \/><input type=\"hidden\" name=\"_wpcf7_version\" value=\"6.1.5\" \/><input type=\"hidden\" name=\"_wpcf7_locale\" value=\"de_DE\" \/><input type=\"hidden\" name=\"_wpcf7_unit_tag\" value=\"wpcf7-f128-o1\" \/><input type=\"hidden\" name=\"_wpcf7_container_post\" value=\"0\" \/><input type=\"hidden\" name=\"_wpcf7_posted_data_hash\" value=\"\" \/>\n<\/fieldset>\n<p><label id=\"name-label\"> Name <span class=\"required\">*<\/span><br \/>\n<span class=\"wpcf7-form-control-wrap\" data-name=\"your-name\"><input size=\"40\" maxlength=\"400\" class=\"wpcf7-form-control wpcf7-text wpcf7-validates-as-required\" autocomplete=\"name\" aria-required=\"true\" aria-invalid=\"false\" value=\"\" type=\"text\" name=\"your-name\" \/><\/span> <\/label>\n<\/p>\n<p><label id=\"email-label\"> E-Mail <span class=\"required\">*<\/span><br \/>\n<span class=\"wpcf7-form-control-wrap\" data-name=\"your-email\"><input size=\"40\" maxlength=\"400\" class=\"wpcf7-form-control wpcf7-email wpcf7-validates-as-required wpcf7-text wpcf7-validates-as-email\" autocomplete=\"email\" aria-required=\"true\" aria-invalid=\"false\" value=\"\" type=\"email\" name=\"your-email\" \/><\/span> <\/label>\n<\/p>\n<p><label id=\"subject-label\"> Betreff<br \/>\n<span class=\"wpcf7-form-control-wrap\" data-name=\"your-subject\"><input size=\"40\" maxlength=\"400\" class=\"wpcf7-form-control wpcf7-text\" aria-invalid=\"false\" value=\"\" type=\"text\" name=\"your-subject\" \/><\/span> <\/label>\n<\/p>\n<p><label id=\"message-label\"> Nachricht <span class=\"required\">*<\/span><br \/>\n<span class=\"wpcf7-form-control-wrap\" data-name=\"your-message\"><textarea cols=\"40\" rows=\"10\" maxlength=\"2000\" class=\"wpcf7-form-control wpcf7-textarea wpcf7-validates-as-required\" aria-required=\"true\" aria-invalid=\"false\" name=\"your-message\"><\/textarea><\/span> <\/label>\n<\/p>\n<p><label id=\"accept-label\"> Einwilligung in die elektronische Verarbeitung personenbezogener Daten <span class=\"required\">*<\/span><\/label>\n<\/p>\n<p><span class=\"wpcf7-form-control-wrap\" data-name=\"Zustimmung\"><span class=\"wpcf7-form-control wpcf7-acceptance\"><span class=\"wpcf7-list-item\"><label><input type=\"checkbox\" name=\"Zustimmung\" value=\"1\" aria-invalid=\"false\" \/><span class=\"wpcf7-list-item-label\">Ja, ich habe <a href=\"https:\/\/www.lenakur.de\/de\/datenschutz\/\">Datenschutzerkl\u00e4rung<\/a> von www.lenakur.de gelesen und bin mit ihnen einverstanden. Ich willige ein, dass meine Daten zur Beantwortung meiner Anfrage elektronisch erhoben, gespeichert und verarbeitet werden. <span class=\"required\">*<\/span><\/span><\/label><\/span><\/span><\/span>\n<\/p>\n<p> Hinweis: Die Einwilligung kann jederzeit mit Wirkung f\u00fcr die Zukunft widerrufen werden, indem Sie eine E-Mail an info@lenakur.de senden.\n<\/p>\n<p> Pflichtfelder sind mit einem Stern gekennzeichnet (<span class=\"required\">*<\/span>).\n<\/p>\n<p><span id=\"wpcf7-69e21300e6aea-wrapper\" class=\"wpcf7-form-control-wrap honeypot-226-wrap\" style=\"display:none !important; visibility:hidden !important;\"><label for=\"wpcf7-69e21300e6aea-field\" class=\"hp-message\">Bitte lasse dieses Feld leer.<\/label><input id=\"wpcf7-69e21300e6aea-field\"  class=\"wpcf7-form-control wpcf7-text\" type=\"text\" name=\"honeypot-226\" value=\"\" size=\"40\" tabindex=\"-1\" autocomplete=\"new-password\" \/><\/span>\n<\/p>\n<p><input class=\"wpcf7-form-control wpcf7-submit has-spinner\" type=\"submit\" value=\"Absenden\" \/>\n<\/p><div class=\"wpcf7-response-output\" aria-hidden=\"true\"><\/div>\n<input type=\"hidden\" name=\"trp-form-language\" value=\"de\"\/><\/form>\n<\/div>\n\n\n\n\n<div style=\"height:140px\" aria-hidden=\"true\" class=\"wp-block-spacer\"><\/div>","protected":false},"excerpt":{"rendered":"","protected":false},"author":1,"featured_media":0,"parent":0,"menu_order":0,"comment_status":"closed","ping_status":"closed","template":"","meta":{"site-sidebar-layout":"default","site-content-layout":"","ast-site-content-layout":"default","site-content-style":"default","site-sidebar-style":"default","ast-global-header-display":"","ast-banner-title-visibility":"","ast-main-header-display":"","ast-hfb-above-header-display":"","ast-hfb-below-header-display":"","ast-hfb-mobile-header-display":"","site-post-title":"disabled","ast-breadcrumbs-content":"","ast-featured-img":"","footer-sml-layout":"","ast-disable-related-posts":"","theme-transparent-header-meta":"","adv-header-id-meta":"","stick-header-meta":"","header-above-stick-meta":"","header-main-stick-meta":"","header-below-stick-meta":"","astra-migrate-meta-layouts":"default","ast-page-background-enabled":"default","ast-page-background-meta":{"desktop":{"background-color":"var(--ast-global-color-4)","background-image":"","background-repeat":"repeat","background-position":"center center","background-size":"auto","background-attachment":"scroll","background-type":"","background-media":"","overlay-type":"","overlay-color":"","overlay-opacity":"","overlay-gradient":""},"tablet":{"background-color":"","background-image":"","background-repeat":"repeat","background-position":"center center","background-size":"auto","background-attachment":"scroll","background-type":"","background-media":"","overlay-type":"","overlay-color":"","overlay-opacity":"","overlay-gradient":""},"mobile":{"background-color":"","background-image":"","background-repeat":"repeat","background-position":"center center","background-size":"auto","background-attachment":"scroll","background-type":"","background-media":"","overlay-type":"","overlay-color":"","overlay-opacity":"","overlay-gradient":""}},"ast-content-background-meta":{"desktop":{"background-color":"var(--ast-global-color-5)","background-image":"","background-repeat":"repeat","background-position":"center center","background-size":"auto","background-attachment":"scroll","background-type":"","background-media":"","overlay-type":"","overlay-color":"","overlay-opacity":"","overlay-gradient":""},"tablet":{"background-color":"var(--ast-global-color-5)","background-image":"","background-repeat":"repeat","background-position":"center center","background-size":"auto","background-attachment":"scroll","background-type":"","background-media":"","overlay-type":"","overlay-color":"","overlay-opacity":"","overlay-gradient":""},"mobile":{"background-color":"var(--ast-global-color-5)","background-image":"","background-repeat":"repeat","background-position":"center center","background-size":"auto","background-attachment":"scroll","background-type":"","background-media":"","overlay-type":"","overlay-color":"","overlay-opacity":"","overlay-gradient":""}},"footnotes":""},"class_list":["post-1518","page","type-page","status-publish","hentry"],"yoast_head":"<!-- This site is optimized with the Yoast SEO plugin v27.4 - https:\/\/yoast.com\/product\/yoast-seo-wordpress\/ -->\n<title>Jetzt Onlinepr\u00e4senz anfragen<\/title>\n<meta name=\"description\" content=\"M\u00f6chten Sie mit Ihrer Onlinepr\u00e4senz mehr Klarheit und Kunden gewinnen? Kontaktieren Sie mich f\u00fcr ein unverbindliches Erstgespr\u00e4ch.\" \/>\n<meta name=\"robots\" content=\"noindex, nofollow\" \/>\n<script type=\"application\/ld+json\" class=\"yoast-schema-graph\">{\"@context\":\"https:\\\/\\\/schema.org\",\"@graph\":[{\"@type\":\"WebPage\",\"@id\":\"https:\\\/\\\/www.lenakur.de\\\/contact\\\/\",\"url\":\"https:\\\/\\\/www.lenakur.de\\\/contact-form\\\/\",\"name\":\"Jetzt Onlinepr\u00e4senz anfragen\",\"isPartOf\":{\"@id\":\"https:\\\/\\\/www.lenakur.de\\\/#website\"},\"datePublished\":\"2024-10-30T14:24:03+00:00\",\"dateModified\":\"2026-01-23T21:28:28+00:00\",\"description\":\"M\u00f6chten Sie mit Ihrer Onlinepr\u00e4senz mehr Klarheit und Kunden gewinnen? Kontaktieren Sie mich f\u00fcr ein unverbindliches Erstgespr\u00e4ch.\",\"breadcrumb\":{\"@id\":\"https:\\\/\\\/www.lenakur.de\\\/contact-form\\\/#breadcrumb\"},\"inLanguage\":\"de\",\"potentialAction\":[{\"@type\":\"ReadAction\",\"target\":[\"https:\\\/\\\/www.lenakur.de\\\/contact-form\\\/\"]}]},{\"@type\":\"BreadcrumbList\",\"@id\":\"https:\\\/\\\/www.lenakur.de\\\/contact-form\\\/#breadcrumb\",\"itemListElement\":[{\"@type\":\"ListItem\",\"position\":1,\"name\":\"Startseite\",\"item\":\"https:\\\/\\\/www.lenakur.de\\\/\"},{\"@type\":\"ListItem\",\"position\":2,\"name\":\"Contact Form\"}]},{\"@type\":\"WebSite\",\"@id\":\"https:\\\/\\\/www.lenakur.de\\\/#website\",\"url\":\"https:\\\/\\\/www.lenakur.de\\\/\",\"name\":\"\u0421\u043e\u0437\u0434\u0430\u043d\u0438\u0435 \u0441\u0430\u0439\u0442\u043e\u0432 \u0432 \u0413\u0435\u0440\u043c\u0430\u043d\u0438\u0438\",\"description\":\"Professionelles Webdesign und -Entwicklung\",\"publisher\":{\"@id\":\"https:\\\/\\\/www.lenakur.de\\\/#organization\"},\"alternateName\":\"Webseiten-Erstellung f\u00fcr Unternehmen in Deutschland\",\"potentialAction\":[{\"@type\":\"SearchAction\",\"target\":{\"@type\":\"EntryPoint\",\"urlTemplate\":\"https:\\\/\\\/www.lenakur.de\\\/?s={search_term_string}\"},\"query-input\":{\"@type\":\"PropertyValueSpecification\",\"valueRequired\":true,\"valueName\":\"search_term_string\"}}],\"inLanguage\":\"de\"},{\"@type\":\"Organization\",\"@id\":\"https:\\\/\\\/www.lenakur.de\\\/#organization\",\"name\":\"Elena Kuritcyna\",\"url\":\"https:\\\/\\\/www.lenakur.de\\\/\",\"logo\":{\"@type\":\"ImageObject\",\"inLanguage\":\"de\",\"@id\":\"https:\\\/\\\/www.lenakur.de\\\/#\\\/schema\\\/logo\\\/image\\\/\",\"url\":\"https:\\\/\\\/www.lenakur.de\\\/wp-content\\\/uploads\\\/2025\\\/06\\\/icon-scaled.png\",\"contentUrl\":\"https:\\\/\\\/www.lenakur.de\\\/wp-content\\\/uploads\\\/2025\\\/06\\\/icon-scaled.png\",\"width\":2560,\"height\":2033,\"caption\":\"Elena Kuritcyna\"},\"image\":{\"@id\":\"https:\\\/\\\/www.lenakur.de\\\/#\\\/schema\\\/logo\\\/image\\\/\"}}]}<\/script>\n<!-- \/ Yoast SEO plugin. -->","yoast_head_json":{"title":"Jetzt Onlinepr\u00e4senz anfragen","description":"M\u00f6chten Sie mit Ihrer Onlinepr\u00e4senz mehr Klarheit und Kunden gewinnen? Kontaktieren Sie mich f\u00fcr ein unverbindliches Erstgespr\u00e4ch.","robots":{"index":"noindex","follow":"nofollow"},"schema":{"@context":"https:\/\/schema.org","@graph":[{"@type":"WebPage","@id":"https:\/\/www.lenakur.de\/contact\/","url":"https:\/\/www.lenakur.de\/contact-form\/","name":"Jetzt Onlinepr\u00e4senz anfragen","isPartOf":{"@id":"https:\/\/www.lenakur.de\/#website"},"datePublished":"2024-10-30T14:24:03+00:00","dateModified":"2026-01-23T21:28:28+00:00","description":"M\u00f6chten Sie mit Ihrer Onlinepr\u00e4senz mehr Klarheit und Kunden gewinnen? Kontaktieren Sie mich f\u00fcr ein unverbindliches Erstgespr\u00e4ch.","breadcrumb":{"@id":"https:\/\/www.lenakur.de\/contact-form\/#breadcrumb"},"inLanguage":"de","potentialAction":[{"@type":"ReadAction","target":["https:\/\/www.lenakur.de\/contact-form\/"]}]},{"@type":"BreadcrumbList","@id":"https:\/\/www.lenakur.de\/contact-form\/#breadcrumb","itemListElement":[{"@type":"ListItem","position":1,"name":"Startseite","item":"https:\/\/www.lenakur.de\/"},{"@type":"ListItem","position":2,"name":"Contact Form"}]},{"@type":"WebSite","@id":"https:\/\/www.lenakur.de\/#website","url":"https:\/\/www.lenakur.de\/","name":"Webseiten\u00aderstellung in Deutschland","description":"Professionelles Webdesign und -Entwicklung","publisher":{"@id":"https:\/\/www.lenakur.de\/#organization"},"alternateName":"Webseiten-Erstellung f\u00fcr Unternehmen in Deutschland","potentialAction":[{"@type":"SearchAction","target":{"@type":"EntryPoint","urlTemplate":"https:\/\/www.lenakur.de\/?s={search_term_string}"},"query-input":{"@type":"PropertyValueSpecification","valueRequired":true,"valueName":"search_term_string"}}],"inLanguage":"de"},{"@type":"Organization","@id":"https:\/\/www.lenakur.de\/#organization","name":"Elena Kuritcyna","url":"https:\/\/www.lenakur.de\/","logo":{"@type":"ImageObject","inLanguage":"de","@id":"https:\/\/www.lenakur.de\/#\/schema\/logo\/image\/","url":"https:\/\/www.lenakur.de\/wp-content\/uploads\/2025\/06\/icon-scaled.png","contentUrl":"https:\/\/www.lenakur.de\/wp-content\/uploads\/2025\/06\/icon-scaled.png","width":2560,"height":2033,"caption":"Elena Kuritcyna"},"image":{"@id":"https:\/\/www.lenakur.de\/#\/schema\/logo\/image\/"}}]}},"_links":{"self":[{"href":"https:\/\/www.lenakur.de\/de\/wp-json\/wp\/v2\/pages\/1518","targetHints":{"allow":["GET"]}}],"collection":[{"href":"https:\/\/www.lenakur.de\/de\/wp-json\/wp\/v2\/pages"}],"about":[{"href":"https:\/\/www.lenakur.de\/de\/wp-json\/wp\/v2\/types\/page"}],"author":[{"embeddable":true,"href":"https:\/\/www.lenakur.de\/de\/wp-json\/wp\/v2\/users\/1"}],"replies":[{"embeddable":true,"href":"https:\/\/www.lenakur.de\/de\/wp-json\/wp\/v2\/comments?post=1518"}],"version-history":[{"count":19,"href":"https:\/\/www.lenakur.de\/de\/wp-json\/wp\/v2\/pages\/1518\/revisions"}],"predecessor-version":[{"id":2896,"href":"https:\/\/www.lenakur.de\/de\/wp-json\/wp\/v2\/pages\/1518\/revisions\/2896"}],"wp:attachment":[{"href":"https:\/\/www.lenakur.de\/de\/wp-json\/wp\/v2\/media?parent=1518"}],"curies":[{"name":"wp","href":"https:\/\/api.w.org\/{rel}","templated":true}]}}